{"id":11616,"date":"2026-02-19T09:07:58","date_gmt":"2026-02-19T15:07:58","guid":{"rendered":"https:\/\/enviaya.com.mx\/?page_id=11616"},"modified":"2026-02-19T09:12:45","modified_gmt":"2026-02-19T15:12:45","slug":"envios-profesionales","status":"publish","type":"page","link":"https:\/\/enviaya.co\/es\/","title":{"rendered":"Env\u00edos profesionales"},"content":{"rendered":"<div id=\"cs-content\" class=\"cs-content\"><\/div>\n","protected":false},"excerpt":{"rendered":"<p> &#8230; <\/p>\n<div><a href=\"https:\/\/enviaya.co\/es\/\" class=\"more-link\">Read More<\/a><\/div>\n","protected":false},"author":42,"featured_media":0,"parent":0,"menu_order":0,"comment_status":"closed","ping_status":"closed","template":"template-blank-4.php","meta":{"footnotes":""},"class_list":["post-11616","page","type-page","status-publish","hentry","no-post-thumbnail"],"yoast_head":"<!-- This site is optimized with the Yoast SEO Premium plugin v22.9 (Yoast SEO v26.1.1) - https:\/\/yoast.com\/wordpress\/plugins\/seo\/ -->\n<title>Env\u00eda con la mejor tarifa de M\u00e9xico con todas las paqueter\u00edas - Env\u00edaYa<\/title>\n<meta name=\"description\" content=\"Cotiza precios y tiempos de entrega de tus env\u00edos y aprovecha nuestros descuentos especiales. Genera, administra y controla tus env\u00edos con todas las paqueter\u00edas desde un solo lugar.\" \/>\n<meta name=\"robots\" content=\"index, follow, max-snippet:-1, max-image-preview:large, max-video-preview:-1\" \/>\n<link rel=\"canonical\" href=\"https:\/\/enviaya.co\/es\/\" \/>\n<meta property=\"og:locale\" content=\"es_MX\" \/>\n<meta property=\"og:type\" content=\"article\" \/>\n<meta property=\"og:title\" content=\"Env\u00edaya. La mejor plataforma para tus env\u00edos.\" \/>\n<meta property=\"og:description\" content=\"Cotiza precios y tiempos de entrega de tus env\u00edos y aprovecha nuestros descuentos especiales. Genera, administra y controla tus env\u00edos con todas las paqueter\u00edas desde un solo lugar.\" \/>\n<meta property=\"og:url\" content=\"https:\/\/enviaya.co\/es\/\" \/>\n<meta property=\"og:site_name\" content=\"Env\u00edaYa\" \/>\n<meta property=\"article:modified_time\" content=\"2026-02-19T15:12:45+00:00\" \/>\n<meta name=\"twitter:card\" content=\"summary_large_image\" \/>\n<meta name=\"twitter:title\" content=\"Env\u00edos profesionales\" \/>\n<meta name=\"twitter:label1\" content=\"Tiempo de lectura\" \/>\n\t<meta name=\"twitter:data1\" content=\"8 minutos\" \/>\n<script type=\"application\/ld+json\" class=\"yoast-schema-graph\">{\"@context\":\"https:\/\/schema.org\",\"@graph\":[{\"@type\":\"WebPage\",\"@id\":\"https:\/\/enviaya.co\/es\/\",\"url\":\"https:\/\/enviaya.co\/es\/\",\"name\":\"Env\u00eda con la mejor tarifa de M\u00e9xico con todas las paqueter\u00edas - Env\u00edaYa\",\"isPartOf\":{\"@id\":\"https:\/\/enviaya.com.mx\/es\/#website\"},\"datePublished\":\"2026-02-19T15:07:58+00:00\",\"dateModified\":\"2026-02-19T15:12:45+00:00\",\"description\":\"Cotiza precios y tiempos de entrega de tus env\u00edos y aprovecha nuestros descuentos especiales. Genera, administra y controla tus env\u00edos con todas las paqueter\u00edas desde un solo lugar.\",\"breadcrumb\":{\"@id\":\"https:\/\/enviaya.co\/es\/#breadcrumb\"},\"inLanguage\":\"es\",\"potentialAction\":[{\"@type\":\"ReadAction\",\"target\":[\"https:\/\/enviaya.co\/es\/\"]}]},{\"@type\":\"BreadcrumbList\",\"@id\":\"https:\/\/enviaya.co\/es\/#breadcrumb\",\"itemListElement\":[{\"@type\":\"ListItem\",\"position\":1,\"name\":\"Home\",\"item\":\"https:\/\/enviaya.com.mx\/es\/\"},{\"@type\":\"ListItem\",\"position\":2,\"name\":\"Env\u00edos profesionales\"}]},{\"@type\":\"WebSite\",\"@id\":\"https:\/\/enviaya.com.mx\/es\/#website\",\"url\":\"https:\/\/enviaya.com.mx\/es\/\",\"name\":\"Env\u00edaYa\",\"description\":\"Cotiza y administra tus env\u00edos en todas las mensajer\u00edas en un solo lugar y al mejor precio.\",\"potentialAction\":[{\"@type\":\"SearchAction\",\"target\":{\"@type\":\"EntryPoint\",\"urlTemplate\":\"https:\/\/enviaya.com.mx\/es\/?s={search_term_string}\"},\"query-input\":{\"@type\":\"PropertyValueSpecification\",\"valueRequired\":true,\"valueName\":\"search_term_string\"}}],\"inLanguage\":\"es\"}]}<\/script>\n<!-- \/ Yoast SEO Premium plugin. -->","yoast_head_json":{"title":"Env\u00eda con la mejor tarifa de M\u00e9xico con todas las paqueter\u00edas - Env\u00edaYa","description":"Cotiza precios y tiempos de entrega de tus env\u00edos y aprovecha nuestros descuentos especiales. Genera, administra y controla tus env\u00edos con todas las paqueter\u00edas desde un solo lugar.","robots":{"index":"index","follow":"follow","max-snippet":"max-snippet:-1","max-image-preview":"max-image-preview:large","max-video-preview":"max-video-preview:-1"},"canonical":"https:\/\/enviaya.co\/es\/","og_locale":"es_MX","og_type":"article","og_title":"Env\u00edaya. La mejor plataforma para tus env\u00edos.","og_description":"Cotiza precios y tiempos de entrega de tus env\u00edos y aprovecha nuestros descuentos especiales. Genera, administra y controla tus env\u00edos con todas las paqueter\u00edas desde un solo lugar.","og_url":"https:\/\/enviaya.co\/es\/","og_site_name":"Env\u00edaYa","article_modified_time":"2026-02-19T15:12:45+00:00","twitter_card":"summary_large_image","twitter_title":"Env\u00edos profesionales","twitter_misc":{"Tiempo de lectura":"8 minutos"},"schema":{"@context":"https:\/\/schema.org","@graph":[{"@type":"WebPage","@id":"https:\/\/enviaya.co\/es\/","url":"https:\/\/enviaya.co\/es\/","name":"Env\u00eda con la mejor tarifa de M\u00e9xico con todas las paqueter\u00edas - Env\u00edaYa","isPartOf":{"@id":"https:\/\/enviaya.com.mx\/es\/#website"},"datePublished":"2026-02-19T15:07:58+00:00","dateModified":"2026-02-19T15:12:45+00:00","description":"Cotiza precios y tiempos de entrega de tus env\u00edos y aprovecha nuestros descuentos especiales. Genera, administra y controla tus env\u00edos con todas las paqueter\u00edas desde un solo lugar.","breadcrumb":{"@id":"https:\/\/enviaya.co\/es\/#breadcrumb"},"inLanguage":"es","potentialAction":[{"@type":"ReadAction","target":["https:\/\/enviaya.co\/es\/"]}]},{"@type":"BreadcrumbList","@id":"https:\/\/enviaya.co\/es\/#breadcrumb","itemListElement":[{"@type":"ListItem","position":1,"name":"Home","item":"https:\/\/enviaya.com.mx\/es\/"},{"@type":"ListItem","position":2,"name":"Env\u00edos profesionales"}]},{"@type":"WebSite","@id":"https:\/\/enviaya.com.mx\/es\/#website","url":"https:\/\/enviaya.com.mx\/es\/","name":"Env\u00edaYa","description":"Cotiza y administra tus env\u00edos en todas las mensajer\u00edas en un solo lugar y al mejor precio.","potentialAction":[{"@type":"SearchAction","target":{"@type":"EntryPoint","urlTemplate":"https:\/\/enviaya.com.mx\/es\/?s={search_term_string}"},"query-input":{"@type":"PropertyValueSpecification","valueRequired":true,"valueName":"search_term_string"}}],"inLanguage":"es"}]}},"_links":{"self":[{"href":"https:\/\/enviaya.co\/es\/wp-json\/wp\/v2\/pages\/11616","targetHints":{"allow":["GET"]}}],"collection":[{"href":"https:\/\/enviaya.co\/es\/wp-json\/wp\/v2\/pages"}],"about":[{"href":"https:\/\/enviaya.co\/es\/wp-json\/wp\/v2\/types\/page"}],"author":[{"embeddable":true,"href":"https:\/\/enviaya.co\/es\/wp-json\/wp\/v2\/users\/42"}],"replies":[{"embeddable":true,"href":"https:\/\/enviaya.co\/es\/wp-json\/wp\/v2\/comments?post=11616"}],"version-history":[{"count":4,"href":"https:\/\/enviaya.co\/es\/wp-json\/wp\/v2\/pages\/11616\/revisions"}],"predecessor-version":[{"id":11621,"href":"https:\/\/enviaya.co\/es\/wp-json\/wp\/v2\/pages\/11616\/revisions\/11621"}],"wp:attachment":[{"href":"https:\/\/enviaya.co\/es\/wp-json\/wp\/v2\/media?parent=11616"}],"curies":[{"name":"wp","href":"https:\/\/api.w.org\/{rel}","templated":true}]}}